{"id":14964,"date":"2022-06-14T13:01:22","date_gmt":"2022-06-14T11:01:22","guid":{"rendered":"https:\/\/guthoehne.de\/imprint\/"},"modified":"2025-09-12T16:13:45","modified_gmt":"2025-09-12T14:13:45","slug":"imprint","status":"publish","type":"page","link":"https:\/\/guthoehne.de\/en\/imprint\/","title":{"rendered":"Imprint"},"content":{"rendered":"\t\t<div data-elementor-type=\"wp-page\" data-elementor-id=\"14964\" class=\"elementor elementor-14964 elementor-14551\" data-elementor-post-type=\"page\">\n\t\t\t\t\t\t<section class=\"elementor-section elementor-top-section elementor-element elementor-element-656f868 elementor-section-boxed elementor-section-height-default elementor-section-height-default\" data-id=\"656f868\" data-element_type=\"section\" data-settings=\"{&quot;background_background&quot;:&quot;classic&quot;}\">\n\t\t\t\t\t\t<div class=\"elementor-container elementor-column-gap-default\">\n\t\t\t\t\t<div class=\"elementor-column elementor-col-100 elementor-top-column elementor-element elementor-element-8636697\" data-id=\"8636697\" data-element_type=\"column\">\n\t\t\t<div class=\"elementor-widget-wrap elementor-element-populated\">\n\t\t\t\t\t\t<div class=\"elementor-element elementor-element-1a17c41 elementor-widget__width-initial elementor-widget elementor-widget-global elementor-global-3293 elementor-widget-spacer\" data-id=\"1a17c41\" data-element_type=\"widget\" data-widget_type=\"spacer.default\">\n\t\t\t\t<div class=\"elementor-widget-container\">\n\t\t\t\t\t\t\t<div class=\"elementor-spacer\">\n\t\t\t<div class=\"elementor-spacer-inner\"><\/div>\n\t\t<\/div>\n\t\t\t\t\t\t<\/div>\n\t\t\t\t<\/div>\n\t\t\t\t<section class=\"elementor-section elementor-inner-section elementor-element elementor-element-7196407 elementor-section-boxed elementor-section-height-default elementor-section-height-default\" data-id=\"7196407\" data-element_type=\"section\">\n\t\t\t\t\t\t<div class=\"elementor-container elementor-column-gap-default\">\n\t\t\t\t\t<div class=\"elementor-column elementor-col-100 elementor-inner-column elementor-element elementor-element-94896a3\" data-id=\"94896a3\" data-element_type=\"column\">\n\t\t\t<div class=\"elementor-widget-wrap elementor-element-populated\">\n\t\t\t\t\t\t<div class=\"elementor-element elementor-element-1eed6c8 elementor-widget elementor-widget-heading\" data-id=\"1eed6c8\" data-element_type=\"widget\" data-widget_type=\"heading.default\">\n\t\t\t\t<div class=\"elementor-widget-container\">\n\t\t\t\t\t<h1 class=\"elementor-heading-title elementor-size-default\">Imprint<\/h1>\t\t\t\t<\/div>\n\t\t\t\t<\/div>\n\t\t\t\t<div class=\"elementor-element elementor-element-65fe6d5 elementor-widget elementor-widget-text-editor\" data-id=\"65fe6d5\" data-element_type=\"widget\" data-widget_type=\"text-editor.default\">\n\t\t\t\t<div class=\"elementor-widget-container\">\n\t\t\t\t\t\t\t\t\t<p class=\"p1\"><b>Land Gut H\u00f6hne<br>D\u00fcsseldorfer Stra\u00dfe 253<br>40822 Mettmann<br><\/b>Phone : <a href=\"tel:+49021047780\"><span class=\"s1\">+49 2104 778-0<\/span><\/a><br>Fax : +49 2104 778-778<br>E-Mail : <a href=\"mailto:info@guthoehne.de\"><span class=\"s1\">info@guthoehne.de<\/span><\/a><br>Internet : <a href=\"https:\/\/guthoehne.de\/en\/\"><span class=\"s1\">https:\/\/guthoehne.de<\/span><\/a><\/p><p class=\"p1\"><b>Operating company:<\/b><br><b>Dipl.-Ing. Dirk Reucher Gut H\u00f6hne e. K.<br>D\u00fcsseldorfer Stra\u00dfe 253<br>40822 Mettmann<br><\/b>Phone : <a href=\"tel:+4921047780\"><span class=\"s1\">+49 2104 778-0<\/span><\/a><br>Fax : +49 2104 778-778<br>E-Mail : <a href=\"mailto:info@guthoehne.de\"><span class=\"s1\">info@guthoehne.de<\/span><\/a><br>Internet : <a href=\"https:\/\/guthoehne.de\/en\/\"><span class=\"s1\">https:\/\/guthoehne.de<\/span><\/a><\/p><p class=\"p1\"><b>Authorized representatives :<\/b><br>Mr. Dipl.-Ing. Dirk Reucher <a href=\"mailto:info@guthoehne.de\"><span class=\"s1\">info@guthoehne.de<\/span><\/a><br>Register court : AG Wuppertal<br>Register number : HRA 18813<br>USt-IdNr. : DE275291570<br>Responsible for content according to \u00a7 5 TMG and \u00a7 18 Abs. 2 MStV:<br>Mr. Dipl.-Ing. Dirk Reucher  <br><a href=\"mailto:info@guthoehne.de\"><span class=\"s1\">info@guthoehne.de<\/span><\/a><\/p><p class=\"p1\">You can reach our <b>data protection officer<\/b> at <a href=\"mailto:dg@akwiso.de\"><span class=\"s1\">dg@akwiso.de.<\/span><\/a><\/p><p><strong>Organic control body number:<\/strong> DE-\u00d6KO-006<\/p><p class=\"p1\"><em>AKWISO LTD | Data Protection and IT Security<\/em><em><br>Dieter Grohmann<br><a href=\"mailto:dg@akwiso.com\">dg@akwiso.com<\/a><\/em><\/p><p class=\"p1\"><b>Dispute resolution:<\/b><br>Platform for online dispute resolution of the European Commission:<br><a href=\"https:\/\/ec.europa.eu\/consumers\/odr\/\"><span class=\"s1\">https:\/\/ec.europa.eu\/consumers\/odr\/<\/span><\/a><\/p><p class=\"p1\"><b>Liability notice:<\/b><br>We hereby expressly declare that at the time the links were created, no illegal content was recognizable on the external pages linked by us. We have no influence on the current and future design, content or authorship of the linked pages. We therefore expressly distance ourselves from all contents of all linked pages that were changed after the link was set. This statement applies to all links and references set within our own Internet offer. For illegal, incorrect or incomplete contents and especially for damages resulting from the use or non-use of such information, only the provider of the linked page is liable.<\/p><p class=\"p1\"><b>Online dispute resolution<\/b><br>Mandatory information under Regulation (EU) No 524\/2013 of the European Parliament and of the Council:<br>Link to the homepage of the European Commission&#8217;s entity for online dispute resolution for consumer disputes: <a href=\"http:\/\/ec.europa.eu\/consumers\/odr\/\"><span class=\"s1\">http:\/\/ec.europa.eu\/consumers\/odr\/<\/span><\/a> &#8211; Further information is expected to be available there from 15.02.2016. For initial questions about possible dispute resolution, please contact us at <a href=\"mailto:info@guthoehne.de\"><span class=\"s1\">info@guthoehne.de.<\/span><\/a><\/p><p class=\"p1\"><b>Bank details<br><\/b>Sparkasse M\u00fclheim an der Ruhr<br>IBAN: DE53 3625 0000 0175 0829 80<br>BIC: SPMHDE3EXXX<\/p>\t\t\t\t\t\t\t\t<\/div>\n\t\t\t\t<\/div>\n\t\t\t\t\t<\/div>\n\t\t<\/div>\n\t\t\t\t\t<\/div>\n\t\t<\/section>\n\t\t\t\t<div class=\"elementor-element elementor-element-c5a99f5 elementor-widget__width-initial elementor-widget elementor-widget-global elementor-global-3293 elementor-widget-spacer\" data-id=\"c5a99f5\" data-element_type=\"widget\" data-widget_type=\"spacer.default\">\n\t\t\t\t<div class=\"elementor-widget-container\">\n\t\t\t\t\t\t\t<div class=\"elementor-spacer\">\n\t\t\t<div class=\"elementor-spacer-inner\"><\/div>\n\t\t<\/div>\n\t\t\t\t\t\t<\/div>\n\t\t\t\t<\/div>\n\t\t\t\t\t<\/div>\n\t\t<\/div>\n\t\t\t\t\t<\/div>\n\t\t<\/section>\n\t\t\t\t<\/div>\n\t\t","protected":false},"excerpt":{"rendered":"<p>Imprint Land Gut H\u00f6hneD\u00fcsseldorfer Stra\u00dfe 25340822 MettmannPhone : +49 2104 778-0Fax : +49 2104 778-778E-Mail : info@guthoehne.deInternet : https:\/\/guthoehne.de Operating company:Dipl.-Ing. Dirk Reucher Gut H\u00f6hne e. K.D\u00fcsseldorfer Stra\u00dfe 25340822 MettmannPhone : +49 2104 778-0Fax : +49 2104 778-778E-Mail : info@guthoehne.deInternet : https:\/\/guthoehne.de Authorized representatives :Mr. Dipl.-Ing. Dirk Reucher info@guthoehne.deRegister court : AG WuppertalRegister number : [&hellip;]<\/p>\n","protected":false},"author":12,"featured_media":0,"parent":0,"menu_order":0,"comment_status":"closed","ping_status":"closed","template":"","meta":{"_seopress_robots_primary_cat":"","_seopress_titles_title":"Imprint | Hotel Land Gut H\u00f6hne | Mettmann","_seopress_titles_desc":"Here you will find the imprint for https:\/\/guthoehne.de, our liability information and the bank details of Land Gut H\u00f6hne in Mettmann.","_seopress_robots_index":"","inline_featured_image":false,"footnotes":""},"class_list":["post-14964","page","type-page","status-publish","hentry"],"_links":{"self":[{"href":"https:\/\/guthoehne.de\/en\/wp-json\/wp\/v2\/pages\/14964","targetHints":{"allow":["GET"]}}],"collection":[{"href":"https:\/\/guthoehne.de\/en\/wp-json\/wp\/v2\/pages"}],"about":[{"href":"https:\/\/guthoehne.de\/en\/wp-json\/wp\/v2\/types\/page"}],"author":[{"embeddable":true,"href":"https:\/\/guthoehne.de\/en\/wp-json\/wp\/v2\/users\/12"}],"replies":[{"embeddable":true,"href":"https:\/\/guthoehne.de\/en\/wp-json\/wp\/v2\/comments?post=14964"}],"version-history":[{"count":4,"href":"https:\/\/guthoehne.de\/en\/wp-json\/wp\/v2\/pages\/14964\/revisions"}],"predecessor-version":[{"id":28497,"href":"https:\/\/guthoehne.de\/en\/wp-json\/wp\/v2\/pages\/14964\/revisions\/28497"}],"wp:attachment":[{"href":"https:\/\/guthoehne.de\/en\/wp-json\/wp\/v2\/media?parent=14964"}],"curies":[{"name":"wp","href":"https:\/\/api.w.org\/{rel}","templated":true}]}}