{"id":31228,"date":"2026-01-23T08:47:08","date_gmt":"2026-01-23T07:47:08","guid":{"rendered":"https:\/\/guthoehne.de\/accessibility-statement\/"},"modified":"2026-02-24T16:17:00","modified_gmt":"2026-02-24T15:17:00","slug":"accessibility-statement","status":"publish","type":"page","link":"https:\/\/guthoehne.de\/en\/accessibility-statement\/","title":{"rendered":"Accessibility statement"},"content":{"rendered":"\t\t<div data-elementor-type=\"wp-page\" data-elementor-id=\"31228\" class=\"elementor elementor-31228 elementor-30213\" data-elementor-post-type=\"page\">\n\t\t\t\t\t\t<section class=\"elementor-section elementor-top-section elementor-element elementor-element-3524db03 elementor-section-height-min-height elementor-section-boxed elementor-section-height-default elementor-section-items-middle\" data-id=\"3524db03\" data-element_type=\"section\" data-settings=\"{&quot;background_background&quot;:&quot;classic&quot;}\" data-midnight=\"white\">\n\t\t\t\t\t\t\t<div class=\"elementor-background-overlay\"><\/div>\n\t\t\t\t\t\t\t<div class=\"elementor-container elementor-column-gap-default\">\n\t\t\t\t\t<div class=\"elementor-column elementor-col-100 elementor-top-column elementor-element elementor-element-19c261c3\" data-id=\"19c261c3\" data-element_type=\"column\">\n\t\t\t<div class=\"elementor-widget-wrap elementor-element-populated\">\n\t\t\t\t\t\t<div class=\"elementor-element elementor-element-1f4df454 elementor-widget elementor-widget-heading\" data-id=\"1f4df454\" data-element_type=\"widget\" data-widget_type=\"heading.default\">\n\t\t\t\t<div class=\"elementor-widget-container\">\n\t\t\t\t\t<h1 class=\"elementor-heading-title elementor-size-default\">Accessibility statement<\/h1>\t\t\t\t<\/div>\n\t\t\t\t<\/div>\n\t\t\t\t<div class=\"elementor-element elementor-element-133522ff elementor-widget elementor-widget-spacer\" data-id=\"133522ff\" data-element_type=\"widget\" data-widget_type=\"spacer.default\">\n\t\t\t\t<div class=\"elementor-widget-container\">\n\t\t\t\t\t\t\t<div class=\"elementor-spacer\">\n\t\t\t<div class=\"elementor-spacer-inner\"><\/div>\n\t\t<\/div>\n\t\t\t\t\t\t<\/div>\n\t\t\t\t<\/div>\n\t\t\t\t<div class=\"elementor-element elementor-element-1f1f0cc3 elementor-widget elementor-widget-text-editor\" data-id=\"1f1f0cc3\" data-element_type=\"widget\" data-widget_type=\"text-editor.default\">\n\t\t\t\t<div class=\"elementor-widget-container\">\n\t\t\t\t\t\t\t\t\t<p>for the Hotel Land Gut H\u00f6hne website<\/p>\t\t\t\t\t\t\t\t<\/div>\n\t\t\t\t<\/div>\n\t\t\t\t<div class=\"elementor-element elementor-element-7dd936ce elementor-hidden-desktop elementor-hidden-tablet elementor-view-default elementor-widget elementor-widget-icon\" data-id=\"7dd936ce\" data-element_type=\"widget\" data-widget_type=\"icon.default\">\n\t\t\t\t<div class=\"elementor-widget-container\">\n\t\t\t\t\t\t\t<div class=\"elementor-icon-wrapper\">\n\t\t\t<div class=\"elementor-icon\">\n\t\t\t<svg xmlns=\"http:\/\/www.w3.org\/2000\/svg\" width=\"32.625\" height=\"61.668\" viewBox=\"0 0 32.625 61.668\"><g id=\"Group_2523\" data-name=\"Group 2523\" transform=\"translate(-5.992 61.668) rotate(-90)\"><path id=\"Path_91039\" data-name=\"Path 91039\" d=\"M77.054,67.252c11.958,0,21.651,7.3,21.651,16.312\" transform=\"translate(-77.054 -44.948)\" fill=\"none\" stroke=\"#fff\" stroke-miterlimit=\"10\" stroke-width=\"1.5\"><\/path><path id=\"Path_91040\" data-name=\"Path 91040\" d=\"M77.054,80.518c11.958,0,21.651-7.3,21.651-16.312\" transform=\"translate(-77.054 -58.214)\" fill=\"none\" stroke=\"#fff\" stroke-miterlimit=\"10\" stroke-width=\"1.5\"><\/path><line id=\"Line_75\" data-name=\"Line 75\" x2=\"61.665\" transform=\"translate(0.003 22.306)\" fill=\"none\" stroke=\"#fff\" stroke-miterlimit=\"10\" stroke-width=\"1.5\"><\/line><\/g><\/svg>\t\t\t<\/div>\n\t\t<\/div>\n\t\t\t\t\t\t<\/div>\n\t\t\t\t<\/div>\n\t\t\t\t\t<\/div>\n\t\t<\/div>\n\t\t\t\t\t<\/div>\n\t\t<\/section>\n\t\t\t\t<section class=\"elementor-section elementor-top-section elementor-element elementor-element-14d7ebe7 elementor-section-boxed elementor-section-height-default elementor-section-height-default\" data-id=\"14d7ebe7\" data-element_type=\"section\" data-settings=\"{&quot;background_background&quot;:&quot;classic&quot;}\">\n\t\t\t\t\t\t<div class=\"elementor-container elementor-column-gap-default\">\n\t\t\t\t\t<div class=\"elementor-column elementor-col-100 elementor-top-column elementor-element elementor-element-67961ab3\" data-id=\"67961ab3\" data-element_type=\"column\">\n\t\t\t<div class=\"elementor-widget-wrap elementor-element-populated\">\n\t\t\t\t\t\t<div class=\"elementor-element elementor-element-6f3a24e elementor-widget elementor-widget-spacer\" data-id=\"6f3a24e\" data-element_type=\"widget\" data-widget_type=\"spacer.default\">\n\t\t\t\t<div class=\"elementor-widget-container\">\n\t\t\t\t\t\t\t<div class=\"elementor-spacer\">\n\t\t\t<div class=\"elementor-spacer-inner\"><\/div>\n\t\t<\/div>\n\t\t\t\t\t\t<\/div>\n\t\t\t\t<\/div>\n\t\t\t\t<section class=\"elementor-section elementor-inner-section elementor-element elementor-element-75378dd6 elementor-section-boxed elementor-section-height-default elementor-section-height-default\" data-id=\"75378dd6\" data-element_type=\"section\">\n\t\t\t\t\t\t<div class=\"elementor-container elementor-column-gap-default\">\n\t\t\t\t\t<div class=\"elementor-column elementor-col-50 elementor-inner-column elementor-element elementor-element-5601907c\" data-id=\"5601907c\" data-element_type=\"column\">\n\t\t\t<div class=\"elementor-widget-wrap elementor-element-populated\">\n\t\t\t\t\t\t<div class=\"elementor-element elementor-element-906b14d elementor-widget elementor-widget-heading\" data-id=\"906b14d\" data-element_type=\"widget\" data-widget_type=\"heading.default\">\n\t\t\t\t<div class=\"elementor-widget-container\">\n\t\t\t\t\t<h2 class=\"elementor-heading-title elementor-size-default\">Statement<\/h2>\t\t\t\t<\/div>\n\t\t\t\t<\/div>\n\t\t\t\t\t<\/div>\n\t\t<\/div>\n\t\t\t\t<div class=\"elementor-column elementor-col-50 elementor-inner-column elementor-element elementor-element-1f1024e6\" data-id=\"1f1024e6\" data-element_type=\"column\">\n\t\t\t<div class=\"elementor-widget-wrap elementor-element-populated\">\n\t\t\t\t\t\t<div class=\"elementor-element elementor-element-ab09cdf elementor-widget elementor-widget-text-editor\" data-id=\"ab09cdf\" data-element_type=\"widget\" data-widget_type=\"text-editor.default\">\n\t\t\t\t<div class=\"elementor-widget-container\">\n\t\t\t\t\t\t\t\t\tHotel Land Gut H\u00f6hne strives to make its website guthoehne.de accessible in accordance with the <strong data-start=\"450\" data-end=\"493\">Accessibility Strengthening Act (BFSG)<\/strong> and the underlying <strong data-start=\"523\" data-end=\"554\">EU Directive (EU) 2019\/882<\/strong>.\n<p data-start=\"591\" data-end=\"686\">This accessibility statement applies to the following website:<br data-start=\"649\" data-end=\"652\"><a href=\"https:\/\/guthoehne.de\/en\/\" target=\"_blank\" rel=\"noopener\" title=\"To the home page\">https:\/\/guthoehne.de<\/a><\/p>\t\t\t\t\t\t\t\t<\/div>\n\t\t\t\t<\/div>\n\t\t\t\t\t<\/div>\n\t\t<\/div>\n\t\t\t\t\t<\/div>\n\t\t<\/section>\n\t\t\t\t<div class=\"elementor-element elementor-element-ebc7c43 elementor-widget elementor-widget-spacer\" data-id=\"ebc7c43\" data-element_type=\"widget\" data-widget_type=\"spacer.default\">\n\t\t\t\t<div class=\"elementor-widget-container\">\n\t\t\t\t\t\t\t<div class=\"elementor-spacer\">\n\t\t\t<div class=\"elementor-spacer-inner\"><\/div>\n\t\t<\/div>\n\t\t\t\t\t\t<\/div>\n\t\t\t\t<\/div>\n\t\t\t\t\t<\/div>\n\t\t<\/div>\n\t\t\t\t\t<\/div>\n\t\t<\/section>\n\t\t\t\t<section class=\"elementor-section elementor-top-section elementor-element elementor-element-6f602ac elementor-section-boxed elementor-section-height-default elementor-section-height-default\" data-id=\"6f602ac\" data-element_type=\"section\" data-settings=\"{&quot;background_background&quot;:&quot;classic&quot;}\">\n\t\t\t\t\t\t<div class=\"elementor-container elementor-column-gap-default\">\n\t\t\t\t\t<div class=\"elementor-column elementor-col-100 elementor-top-column elementor-element elementor-element-1569966\" data-id=\"1569966\" data-element_type=\"column\">\n\t\t\t<div class=\"elementor-widget-wrap elementor-element-populated\">\n\t\t\t\t\t\t<div class=\"elementor-element elementor-element-d004355 elementor-widget elementor-widget-heading\" data-id=\"d004355\" data-element_type=\"widget\" data-widget_type=\"heading.default\">\n\t\t\t\t<div class=\"elementor-widget-container\">\n\t\t\t\t\t<h2 class=\"elementor-heading-title elementor-size-default\">Status of compliance with requirements<\/h2>\t\t\t\t<\/div>\n\t\t\t\t<\/div>\n\t\t\t\t<div class=\"elementor-element elementor-element-ec87f54 elementor-widget elementor-widget-text-editor\" data-id=\"ec87f54\" data-element_type=\"widget\" data-widget_type=\"text-editor.default\">\n\t\t\t\t<div class=\"elementor-widget-container\">\n\t\t\t\t\t\t\t\t\t<p data-start=\"693\" data-end=\"742\">This website is partially accessible according to the requirements of the <strong data-start=\"841\" data-end=\"914\">Web Content Accessibility Guidelines (WCAG) 2.1, conformance level AA<\/strong>. This assessment is based on self-evaluation. <\/p><p data-start=\"693\" data-end=\"742\">The content listed below is currently not fully accessible.<\/p>\t\t\t\t\t\t\t\t<\/div>\n\t\t\t\t<\/div>\n\t\t\t\t<div class=\"elementor-element elementor-element-21ddbe9 elementor-widget elementor-widget-heading\" data-id=\"21ddbe9\" data-element_type=\"widget\" data-widget_type=\"heading.default\">\n\t\t\t\t<div class=\"elementor-widget-container\">\n\t\t\t\t\t<h2 class=\"elementor-heading-title elementor-size-default\">Non-accessible content<\/h2>\t\t\t\t<\/div>\n\t\t\t\t<\/div>\n\t\t\t\t<div class=\"elementor-element elementor-element-e119b51 elementor-widget elementor-widget-text-editor\" data-id=\"e119b51\" data-element_type=\"widget\" data-widget_type=\"text-editor.default\">\n\t\t\t\t<div class=\"elementor-widget-container\">\n\t\t\t\t\t\t\t\t\t<p data-start=\"1087\" data-end=\"1159\">The following content is not accessible for the reasons mentioned above:<\/p>\n\n<ul>\n \t<li data-start=\"693\" data-end=\"742\"><strong data-start=\"1163\" data-end=\"1213\">Booking process via external provider<\/strong>\nOnline booking is provided via an external service provider. This section is currently not fully accessible.<br data-start=\"1213\" data-end=\"1216\">Alternatively, you can also contact us by mail, email, or telephone: Land Gut H\u00f6hne, D\u00fcsseldorfer Stra\u00dfe 253, 40822 Mettmann, Germany, <a href=\"mailto:info@guthoehne.de\">info@guthoehne.de<\/a>, +49 (0)2104 7780 <\/li>\n \t<li data-start=\"693\" data-end=\"742\"><strong data-start=\"1163\" data-end=\"1213\">Voucher Shop via External Provider<\/strong>\nThe voucher shop is provided by an external service provider. This area is not currently fully accessible.<br data-start=\"1213\" data-end=\"1216\">Alternatively, you can also contact us by mail, email, or telephone: Land Gut H\u00f6hne, D\u00fcsseldorfer Stra\u00dfe 253, 40822 Mettmann, Germany, <a href=\"mailto:info@guthoehne.de\">info@guthoehne.de<\/a>, +49 (0)2104 7780 <\/li>\n \t<li><strong data-start=\"1354\" data-end=\"1379\">PDF Documents<\/strong><br data-start=\"1379\" data-end=\"1382\">Some PDF files do not yet fully meet the requirements for accessible documents. We are working on adapting them or providing accessible alternatives. <\/li>\n \t<li data-start=\"693\" data-end=\"742\"><strong data-start=\"271\" data-end=\"298\">Contrast and Readability<\/strong><br data-start=\"298\" data-end=\"301\">Some texts lack sufficient contrast and are therefore difficult to read. Furthermore, some color combinations on the website do not currently fully meet the minimum color contrast requirements. <\/li>\n \t<li data-start=\"693\" data-end=\"742\"><strong data-start=\"537\" data-end=\"567\">Alternative text for images<\/strong><br data-start=\"567\" data-end=\"570\">Not all images and graphic elements have meaningful alternative text or are correctly labelled.<\/li>\n \t<li data-start=\"693\" data-end=\"742\"><strong data-start=\"711\" data-end=\"751\">Forms<\/strong><br data-start=\"751\" data-end=\"754\">Some forms are not currently fully accessible. Semantic groupings of related input fields (e.g., fieldsets with legends) are missing.  Furthermore, error messages in the newsletter form are not displayed as actual text.<\/li>\n \t<li data-start=\"693\" data-end=\"742\"><strong data-start=\"1158\" data-end=\"1184\">Links and hyperlinks<\/strong><br data-start=\"1184\" data-end=\"1187\">Some links do not currently fully meet the requirements (tags and content).<\/li>\n \t<li data-start=\"693\" data-end=\"742\"><strong data-start=\"1384\" data-end=\"1427\">Animated content<\/strong><br data-start=\"1427\" data-end=\"1430\">The slider with the Google reviews cannot currently be paused.<\/li>\n<\/ul>\t\t\t\t\t\t\t\t<\/div>\n\t\t\t\t<\/div>\n\t\t\t\t<div class=\"elementor-element elementor-element-b453bcf elementor-widget elementor-widget-text-editor\" data-id=\"b453bcf\" data-element_type=\"widget\" data-widget_type=\"text-editor.default\">\n\t\t\t\t<div class=\"elementor-widget-container\">\n\t\t\t\t\t\t\t\t\t<p>We regularly review technical options to improve accessibility. Should you encounter any barriers when using the online booking system or the voucher shop, we will be happy to assist you by phone or email with your inquiry: <br><a title=\"Write an email\" href=\"mailto:info@guthoehne.de\">info@guthoehne.de<\/a><br>+49 (0)2104 778<\/p>\t\t\t\t\t\t\t\t<\/div>\n\t\t\t\t<\/div>\n\t\t\t\t<div class=\"elementor-element elementor-element-b242810 elementor-widget elementor-widget-heading\" data-id=\"b242810\" data-element_type=\"widget\" data-widget_type=\"heading.default\">\n\t\t\t\t<div class=\"elementor-widget-container\">\n\t\t\t\t\t<h2 class=\"elementor-heading-title elementor-size-default\">Date of last update of the statement<\/h2>\t\t\t\t<\/div>\n\t\t\t\t<\/div>\n\t\t\t\t<div class=\"elementor-element elementor-element-a34093a elementor-widget elementor-widget-text-editor\" data-id=\"a34093a\" data-element_type=\"widget\" data-widget_type=\"text-editor.default\">\n\t\t\t\t<div class=\"elementor-widget-container\">\n\t\t\t\t\t\t\t\t\t<p>This statement was prepared on January 22, 2026 and last reviewed and updated on February 24, 2026.<\/p>\t\t\t\t\t\t\t\t<\/div>\n\t\t\t\t<\/div>\n\t\t\t\t\t<\/div>\n\t\t<\/div>\n\t\t\t\t\t<\/div>\n\t\t<\/section>\n\t\t\t\t<section class=\"elementor-section elementor-top-section elementor-element elementor-element-f356fd4 elementor-section-boxed elementor-section-height-default elementor-section-height-default\" data-id=\"f356fd4\" data-element_type=\"section\" data-settings=\"{&quot;background_background&quot;:&quot;classic&quot;}\">\n\t\t\t\t\t\t<div class=\"elementor-container elementor-column-gap-default\">\n\t\t\t\t\t<div class=\"elementor-column elementor-col-100 elementor-top-column elementor-element elementor-element-bd8bd72\" data-id=\"bd8bd72\" data-element_type=\"column\">\n\t\t\t<div class=\"elementor-widget-wrap elementor-element-populated\">\n\t\t\t\t\t\t<div class=\"elementor-element elementor-element-aa25769 elementor-widget elementor-widget-heading\" data-id=\"aa25769\" data-element_type=\"widget\" data-widget_type=\"heading.default\">\n\t\t\t\t<div class=\"elementor-widget-container\">\n\t\t\t\t\t<h2 class=\"elementor-heading-title elementor-size-default\">Report barrier<\/h2>\t\t\t\t<\/div>\n\t\t\t\t<\/div>\n\t\t\t\t<div class=\"elementor-element elementor-element-811479e elementor-widget elementor-widget-text-editor\" data-id=\"811479e\" data-element_type=\"widget\" data-widget_type=\"text-editor.default\">\n\t\t\t\t<div class=\"elementor-widget-container\">\n\t\t\t\t\t\t\t\t\t<p data-start=\"2013\" data-end=\"2108\">Have you noticed any barriers on our website?<br data-start=\"2066\" data-end=\"2069\">Then we would appreciate your feedback.<\/p><p data-start=\"2110\" data-end=\"2202\">Please use our barrier reporting form for this purpose:<\/p>\t\t\t\t\t\t\t\t<\/div>\n\t\t\t\t<\/div>\n\t\t\t\t<div class=\"elementor-element elementor-element-cf847f0 elementor-widget elementor-widget-button\" data-id=\"cf847f0\" data-element_type=\"widget\" data-widget_type=\"button.default\">\n\t\t\t\t<div class=\"elementor-widget-container\">\n\t\t\t\t\t\t\t\t\t<div class=\"elementor-button-wrapper\">\n\t\t\t\t\t<a class=\"elementor-button elementor-button-link elementor-size-sm\" href=\"https:\/\/guthoehne.de\/en\/accessibility-statement\/report-barrier\/\">\n\t\t\t\t\t\t<span class=\"elementor-button-content-wrapper\">\n\t\t\t\t\t\t\t\t\t<span class=\"elementor-button-text\">Report barrier<\/span>\n\t\t\t\t\t<\/span>\n\t\t\t\t\t<\/a>\n\t\t\t\t<\/div>\n\t\t\t\t\t\t\t\t<\/div>\n\t\t\t\t<\/div>\n\t\t\t\t<div class=\"elementor-element elementor-element-0a8ee68 elementor-widget elementor-widget-text-editor\" data-id=\"0a8ee68\" data-element_type=\"widget\" data-widget_type=\"text-editor.default\">\n\t\t\t\t<div class=\"elementor-widget-container\">\n\t\t\t\t\t\t\t\t\t<p data-start=\"2204\" data-end=\"2282\">Alternatively, you can also contact us by mail, email or telephone:<\/p><p data-start=\"2204\" data-end=\"2282\">Land Gut H\u00f6hne<br>D\u00fcsseldorfer Stra\u00dfe 253<br>40822 Mettmann<br>Germany<br><a href=\"mailto:info@guthoehne.de\">info@guthoehne.de<\/a><br>+49 (0)2104 7780<\/p>\t\t\t\t\t\t\t\t<\/div>\n\t\t\t\t<\/div>\n\t\t\t\t\t<\/div>\n\t\t<\/div>\n\t\t\t\t\t<\/div>\n\t\t<\/section>\n\t\t\t\t<section class=\"elementor-section elementor-top-section elementor-element elementor-element-5993104 elementor-section-boxed elementor-section-height-default elementor-section-height-default\" data-id=\"5993104\" data-element_type=\"section\" data-settings=\"{&quot;background_background&quot;:&quot;classic&quot;}\">\n\t\t\t\t\t\t<div class=\"elementor-container elementor-column-gap-default\">\n\t\t\t\t\t<div class=\"elementor-column elementor-col-100 elementor-top-column elementor-element elementor-element-57f61e7\" data-id=\"57f61e7\" data-element_type=\"column\">\n\t\t\t<div class=\"elementor-widget-wrap elementor-element-populated\">\n\t\t\t\t\t\t<div class=\"elementor-element elementor-element-79c7dfa elementor-widget elementor-widget-text-editor\" data-id=\"79c7dfa\" data-element_type=\"widget\" data-widget_type=\"text-editor.default\">\n\t\t\t\t<div class=\"elementor-widget-container\">\n\t\t\t\t\t\t\t\t\t<h2 data-start=\"2289\" data-end=\"2315\">Enforcement procedures<\/h2><p data-start=\"230\" data-end=\"485\">Should you not receive an appropriate response to your comments or inquiries regarding the accessibility of this website, you have the option of contacting the <strong data-start=\"389\" data-end=\"474\">Ombudsman&#8217;s Office for Accessible Information Technology of the State of North Rhine-Westphalia<\/strong>.<\/p><p data-start=\"487\" data-end=\"794\">The ombudsman&#8217;s office is located within the office of the Commissioner for People with Disabilities of the State of North Rhine-Westphalia and provides support in clarifying questions regarding accessibility. The aim of the process is to identify existing barriers together with all parties involved and to develop solutions. <\/p><p data-start=\"796\" data-end=\"958\">This is an out-of-court settlement procedure. It is <strong data-start=\"886\" data-end=\"900\">free of charge<\/strong> for you, and<strong data-start=\"913\" data-end=\"957\"> no legal representation is required<\/strong>. <\/p><p><strong>Ombudsstelle f\u00fcr barrierefreie Informationstechnik NRW<\/strong><br>at the State Commissioner for People with Disabilities<br>F\u00fcrstenwall 25<br>40219 D\u00fcsseldorf<br>Germany<br>Email: <a href=\"mailto:ombudsstelle-barrierefreie-it@mags.nrw.de\">ombudsstelle-barrierefreie-it@mags.nrw.de<\/a><br>Website: <a href=\"https:\/\/www.mags.nrw\/\" target=\"_blank\" rel=\"noopener\">www.mags.nrw<\/a><br>Phone: 0211 855-3451<\/p>\t\t\t\t\t\t\t\t<\/div>\n\t\t\t\t<\/div>\n\t\t\t\t\t<\/div>\n\t\t<\/div>\n\t\t\t\t\t<\/div>\n\t\t<\/section>\n\t\t\t\t<\/div>\n\t\t","protected":false},"excerpt":{"rendered":"<p>Accessibility statement for the Hotel Land Gut H\u00f6hne website Statement Hotel Land Gut H\u00f6hne strives to make its website guthoehne.de accessible in accordance with the Accessibility Strengthening Act (BFSG) and the underlying EU Directive (EU) 2019\/882. This accessibility statement applies to the following website:https:\/\/guthoehne.de Status of compliance with requirements This website is partially accessible according [&hellip;]<\/p>\n","protected":false},"author":26,"featured_media":0,"parent":0,"menu_order":0,"comment_status":"closed","ping_status":"closed","template":"","meta":{"_seopress_robots_primary_cat":"","_seopress_titles_title":"Accessibility statement for the Hotel Land Gut H\u00f6hne website","_seopress_titles_desc":"Here you will find the accessibility statement for the Hotel Land Gut H\u00f6hne website. You can report any accessibility issues on the linked page. ","_seopress_robots_index":"","inline_featured_image":false,"footnotes":""},"class_list":["post-31228","page","type-page","status-publish","hentry"],"_links":{"self":[{"href":"https:\/\/guthoehne.de\/en\/wp-json\/wp\/v2\/pages\/31228","targetHints":{"allow":["GET"]}}],"collection":[{"href":"https:\/\/guthoehne.de\/en\/wp-json\/wp\/v2\/pages"}],"about":[{"href":"https:\/\/guthoehne.de\/en\/wp-json\/wp\/v2\/types\/page"}],"author":[{"embeddable":true,"href":"https:\/\/guthoehne.de\/en\/wp-json\/wp\/v2\/users\/26"}],"replies":[{"embeddable":true,"href":"https:\/\/guthoehne.de\/en\/wp-json\/wp\/v2\/comments?post=31228"}],"version-history":[{"count":5,"href":"https:\/\/guthoehne.de\/en\/wp-json\/wp\/v2\/pages\/31228\/revisions"}],"predecessor-version":[{"id":31292,"href":"https:\/\/guthoehne.de\/en\/wp-json\/wp\/v2\/pages\/31228\/revisions\/31292"}],"wp:attachment":[{"href":"https:\/\/guthoehne.de\/en\/wp-json\/wp\/v2\/media?parent=31228"}],"curies":[{"name":"wp","href":"https:\/\/api.w.org\/{rel}","templated":true}]}}