{"id":31230,"date":"2026-01-29T11:48:38","date_gmt":"2026-01-29T10:48:38","guid":{"rendered":"https:\/\/guthoehne.de\/accessibility-statement\/report-barrier\/"},"modified":"2026-02-24T11:46:39","modified_gmt":"2026-02-24T10:46:39","slug":"report-barrier","status":"publish","type":"page","link":"https:\/\/guthoehne.de\/en\/accessibility-statement\/report-barrier\/","title":{"rendered":"Report barrier"},"content":{"rendered":"\t\t<div data-elementor-type=\"wp-page\" data-elementor-id=\"31230\" class=\"elementor elementor-31230 elementor-30276\" data-elementor-post-type=\"page\">\n\t\t\t\t\t\t<section class=\"elementor-section elementor-top-section elementor-element elementor-element-3524db03 elementor-section-height-min-height elementor-section-boxed elementor-section-height-default elementor-section-items-middle\" data-id=\"3524db03\" data-element_type=\"section\" data-settings=\"{&quot;background_background&quot;:&quot;classic&quot;}\" data-midnight=\"white\">\n\t\t\t\t\t\t\t<div class=\"elementor-background-overlay\"><\/div>\n\t\t\t\t\t\t\t<div class=\"elementor-container elementor-column-gap-default\">\n\t\t\t\t\t<div class=\"elementor-column elementor-col-100 elementor-top-column elementor-element elementor-element-19c261c3\" data-id=\"19c261c3\" data-element_type=\"column\">\n\t\t\t<div class=\"elementor-widget-wrap elementor-element-populated\">\n\t\t\t\t\t\t<div class=\"elementor-element elementor-element-1f4df454 elementor-widget elementor-widget-heading\" data-id=\"1f4df454\" data-element_type=\"widget\" data-widget_type=\"heading.default\">\n\t\t\t\t<div class=\"elementor-widget-container\">\n\t\t\t\t\t<h1 class=\"elementor-heading-title elementor-size-default\">Report barrier<\/h1>\t\t\t\t<\/div>\n\t\t\t\t<\/div>\n\t\t\t\t\t<\/div>\n\t\t<\/div>\n\t\t\t\t\t<\/div>\n\t\t<\/section>\n\t\t\t\t<section class=\"elementor-section elementor-top-section elementor-element elementor-element-14d7ebe7 elementor-section-boxed elementor-section-height-default elementor-section-height-default\" data-id=\"14d7ebe7\" data-element_type=\"section\" data-settings=\"{&quot;background_background&quot;:&quot;classic&quot;}\">\n\t\t\t\t\t\t<div class=\"elementor-container elementor-column-gap-default\">\n\t\t\t\t\t<div class=\"elementor-column elementor-col-100 elementor-top-column elementor-element elementor-element-67961ab3\" data-id=\"67961ab3\" data-element_type=\"column\">\n\t\t\t<div class=\"elementor-widget-wrap elementor-element-populated\">\n\t\t\t\t\t\t<div class=\"elementor-element elementor-element-6f3a24e elementor-widget elementor-widget-spacer\" data-id=\"6f3a24e\" data-element_type=\"widget\" data-widget_type=\"spacer.default\">\n\t\t\t\t<div class=\"elementor-widget-container\">\n\t\t\t\t\t\t\t<div class=\"elementor-spacer\">\n\t\t\t<div class=\"elementor-spacer-inner\"><\/div>\n\t\t<\/div>\n\t\t\t\t\t\t<\/div>\n\t\t\t\t<\/div>\n\t\t\t\t<section class=\"elementor-section elementor-inner-section elementor-element elementor-element-75378dd6 elementor-section-boxed elementor-section-height-default elementor-section-height-default\" data-id=\"75378dd6\" data-element_type=\"section\">\n\t\t\t\t\t\t<div class=\"elementor-container elementor-column-gap-default\">\n\t\t\t\t\t<div class=\"elementor-column elementor-col-50 elementor-inner-column elementor-element elementor-element-5601907c\" data-id=\"5601907c\" data-element_type=\"column\">\n\t\t\t<div class=\"elementor-widget-wrap elementor-element-populated\">\n\t\t\t\t\t\t<div class=\"elementor-element elementor-element-906b14d elementor-widget elementor-widget-heading\" data-id=\"906b14d\" data-element_type=\"widget\" data-widget_type=\"heading.default\">\n\t\t\t\t<div class=\"elementor-widget-container\">\n\t\t\t\t\t<h2 class=\"elementor-heading-title elementor-size-default\">Reporting a barrier<\/h2>\t\t\t\t<\/div>\n\t\t\t\t<\/div>\n\t\t\t\t<div class=\"elementor-element elementor-element-ab09cdf elementor-widget elementor-widget-text-editor\" data-id=\"ab09cdf\" data-element_type=\"widget\" data-widget_type=\"text-editor.default\">\n\t\t\t\t<div class=\"elementor-widget-container\">\n\t\t\t\t\t\t\t\t\t<p>Here you have the possibility to report a barrier on our website <a href=\"https:\/\/guthoehne.de\/en\/\" target=\"_blank\" rel=\"noopener\">(guthoehne.de<\/a>). <\/p><p data-start=\"2204\" data-end=\"2282\">Alternatively, you can also contact us by mail, email or telephone:<\/p><p data-start=\"2204\" data-end=\"2282\">Land Gut H\u00f6hne<br>D\u00fcsseldorfer Stra\u00dfe 253<br>40822 Mettmann<br>Germany<br><a href=\"mailto:info@guthoehne.de\">info@guthoehne.de<\/a><br>+49 (0)2104 7780<\/p>\t\t\t\t\t\t\t\t<\/div>\n\t\t\t\t<\/div>\n\t\t\t\t\t<\/div>\n\t\t<\/div>\n\t\t\t\t<div class=\"elementor-column elementor-col-50 elementor-inner-column elementor-element elementor-element-1f1024e6\" data-id=\"1f1024e6\" data-element_type=\"column\">\n\t\t\t<div class=\"elementor-widget-wrap elementor-element-populated\">\n\t\t\t\t\t\t<div class=\"elementor-element elementor-element-a881a42 elementor-widget elementor-widget-wpforms\" data-id=\"a881a42\" data-element_type=\"widget\" data-widget_type=\"wpforms.default\">\n\t\t\t\t<div class=\"elementor-widget-container\">\n\t\t\t\t\t<div class=\"wpforms-container wpforms-container-full\" id=\"wpforms-30195\"><form id=\"wpforms-form-30195\" class=\"wpforms-validate wpforms-form wpforms-ajax-form\" data-formid=\"30195\" method=\"post\" enctype=\"multipart\/form-data\" action=\"\/en\/wp-json\/wp\/v2\/pages\/31230\" data-token=\"a7fa4774c3150a13ed903b16c108f66d\" data-token-time=\"1775643747\"><noscript class=\"wpforms-error-noscript\">Please enable JavaScript in your browser to complete this form.<\/noscript><div class=\"wpforms-field-container\"><div id=\"wpforms-30195-field_14-container\" class=\"wpforms-field wpforms-field-html form-pflichtfeld-legend\" data-field-id=\"14\"><div id=\"wpforms-30195-field_14\"><p><em>*Mandatory field<\/em><\/p><\/div><\/div><div id=\"wpforms-30195-field_10-container\" class=\"wpforms-field wpforms-field-radio wpforms-list-inline\" data-field-id=\"10\"><label class=\"wpforms-field-label\">Salutation<\/label><ul id=\"wpforms-30195-field_10\"><li class=\"choice-1 depth-1\"><input type=\"radio\" id=\"wpforms-30195-field_10_1\" name=\"wpforms[fields][10]\" value=\"Ms.\"  ><label class=\"wpforms-field-label-inline\" for=\"wpforms-30195-field_10_1\">Ms.<\/label><\/li><li class=\"choice-2 depth-1\"><input type=\"radio\" id=\"wpforms-30195-field_10_2\" name=\"wpforms[fields][10]\" value=\"Mr.\"  ><label class=\"wpforms-field-label-inline\" for=\"wpforms-30195-field_10_2\">Mr.<\/label><\/li><li class=\"choice-3 depth-1\"><input type=\"radio\" id=\"wpforms-30195-field_10_3\" name=\"wpforms[fields][10]\" value=\"Mx.\"  ><label class=\"wpforms-field-label-inline\" for=\"wpforms-30195-field_10_3\">Mx.<\/label><\/li><\/ul><\/div><div id=\"wpforms-30195-field_13-container\" class=\"wpforms-field wpforms-field-name\" data-field-id=\"13\"><label class=\"wpforms-field-label\" for=\"wpforms-30195-field_13\">Name<\/label><div class=\"wpforms-field-row wpforms-field-large\"><div class=\"wpforms-field-row-block wpforms-first wpforms-one-half\"><input type=\"text\" id=\"wpforms-30195-field_13\" class=\"wpforms-field-name-first\" name=\"wpforms[fields][13][first]\" placeholder=\"Name\" ><label for=\"wpforms-30195-field_13\" class=\"wpforms-field-sublabel after wpforms-sublabel-hide\">Name<\/label><\/div><div class=\"wpforms-field-row-block wpforms-one-half\"><input type=\"text\" id=\"wpforms-30195-field_13-last\" class=\"wpforms-field-name-last\" name=\"wpforms[fields][13][last]\" placeholder=\"Surname\" ><label for=\"wpforms-30195-field_13-last\" class=\"wpforms-field-sublabel after wpforms-sublabel-hide\">Surname<\/label><\/div><\/div><\/div><div id=\"wpforms-30195-field_1-container\" class=\"wpforms-field wpforms-field-email\" data-field-id=\"1\"><label class=\"wpforms-field-label\" for=\"wpforms-30195-field_1\">E-mail address <span class=\"wpforms-required-label\">*<\/span><\/label><input type=\"email\" id=\"wpforms-30195-field_1\" class=\"wpforms-field-large wpforms-field-required\" name=\"wpforms[fields][1]\" placeholder=\"E-mail address...\" spellcheck=\"false\" required><\/div><div id=\"wpforms-30195-field_2-container\" class=\"wpforms-field wpforms-field-textarea\" data-field-id=\"2\"><label class=\"wpforms-field-label\" for=\"wpforms-30195-field_2\">Your message\/description of the barrier <span class=\"wpforms-required-label\">*<\/span><\/label><textarea id=\"wpforms-30195-field_2\" class=\"wpforms-field-large wpforms-field-required\" name=\"wpforms[fields][2]\" placeholder=\"Message...\" required><\/textarea><\/div><div id=\"wpforms-30195-field_15-container\" class=\"wpforms-field wpforms-field-checkbox\" data-field-id=\"15\"><label class=\"wpforms-field-label wpforms-label-hide\">I would like to receive feedback.<\/label><ul id=\"wpforms-30195-field_15\"><li class=\"choice-1 depth-1\"><input type=\"checkbox\" id=\"wpforms-30195-field_15_1\" name=\"wpforms[fields][15][]\" value=\"I would like to receive feedback.\"  ><label class=\"wpforms-field-label-inline\" for=\"wpforms-30195-field_15_1\">I would like to receive feedback.<\/label><\/li><\/ul><\/div>\t\t<div id=\"wpforms-30195-field_3-container\"\n\t\t\tclass=\"wpforms-field wpforms-field-text\"\n\t\t\tdata-field-type=\"text\"\n\t\t\tdata-field-id=\"3\"\n\t\t\t>\n\t\t\t<label class=\"wpforms-field-label\" for=\"wpforms-30195-field_3\" >to barrier Salutation<\/label>\n\t\t\t<input type=\"text\" id=\"wpforms-30195-field_3\" class=\"wpforms-field-medium\" name=\"wpforms[fields][3]\" >\n\t\t<\/div>\n\t\t<div id=\"wpforms-30195-field_11-container\" class=\"wpforms-field wpforms-field-gdpr-checkbox\" data-field-id=\"11\"><label class=\"wpforms-field-label\">GDPR consent <span class=\"wpforms-required-label\">*<\/span><\/label><ul id=\"wpforms-30195-field_11\" class=\"wpforms-field-required\"><li class=\"choice-1\"><input type=\"checkbox\" id=\"wpforms-30195-field_11_1\" name=\"wpforms[fields][11][]\" value=\"I consent to this website storing my submitted information so that my request can be answered.\" required ><label class=\"wpforms-field-label-inline\" for=\"wpforms-30195-field_11_1\">I consent to this website storing my submitted information so that my request can be answered.<\/label><\/li><\/ul><\/div><script>\n\t\t\t\t( function() {\n\t\t\t\t\tconst style = document.createElement( 'style' );\n\t\t\t\t\tstyle.appendChild( document.createTextNode( '#wpforms-30195-field_3-container { position: absolute !important; overflow: hidden !important; display: inline !important; height: 1px !important; width: 1px !important; z-index: -1000 !important; padding: 0 !important; } #wpforms-30195-field_3-container input { visibility: hidden; } #wpforms-conversational-form-page #wpforms-30195-field_3-container label { counter-increment: none; }' ) );\n\t\t\t\t\tdocument.head.appendChild( style );\n\t\t\t\t\tdocument.currentScript?.remove();\n\t\t\t\t} )();\n\t\t\t<\/script><\/div><!-- .wpforms-field-container --><div class=\"wpforms-submit-container\" ><input type=\"hidden\" name=\"wpforms[id]\" value=\"30195\"><input type=\"hidden\" name=\"page_title\" value=\"\"><input type=\"hidden\" name=\"page_url\" value=\"https:\/\/guthoehne.de\/en\/wp-json\/wp\/v2\/pages\/31230\"><input type=\"hidden\" name=\"url_referer\" value=\"\"><button type=\"submit\" name=\"wpforms[submit]\" id=\"wpforms-submit-30195\" class=\"wpforms-submit\" data-alt-text=\"Sending...\" data-submit-text=\"SUBMIT\" aria-live=\"assertive\" value=\"wpforms-submit\">SUBMIT<\/button><img decoding=\"async\" src=\"https:\/\/guthoehne.de\/wp-content\/plugins\/wpforms\/assets\/images\/submit-spin.svg\" class=\"wpforms-submit-spinner\" style=\"display: none;\" width=\"26\" height=\"26\" alt=\"Loading\"><\/div><\/form><\/div>  <!-- .wpforms-container -->\t\t\t\t<\/div>\n\t\t\t\t<\/div>\n\t\t\t\t\t<\/div>\n\t\t<\/div>\n\t\t\t\t\t<\/div>\n\t\t<\/section>\n\t\t\t\t<div class=\"elementor-element elementor-element-ebc7c43 elementor-widget elementor-widget-spacer\" data-id=\"ebc7c43\" data-element_type=\"widget\" data-widget_type=\"spacer.default\">\n\t\t\t\t<div class=\"elementor-widget-container\">\n\t\t\t\t\t\t\t<div class=\"elementor-spacer\">\n\t\t\t<div class=\"elementor-spacer-inner\"><\/div>\n\t\t<\/div>\n\t\t\t\t\t\t<\/div>\n\t\t\t\t<\/div>\n\t\t\t\t\t<\/div>\n\t\t<\/div>\n\t\t\t\t\t<\/div>\n\t\t<\/section>\n\t\t\t\t<\/div>\n\t\t","protected":false},"excerpt":{"rendered":"<p>Report barrier Reporting a barrier Here you have the possibility to report a barrier on our website (guthoehne.de). Alternatively, you can also contact us by mail, email or telephone: Land Gut H\u00f6hneD\u00fcsseldorfer Stra\u00dfe 25340822 MettmannGermanyinfo@guthoehne.de+49 (0)2104 7780 Bitte aktiviere JavaScript in deinem Browser, um dieses Formular fertigzustellen. *Pflichtfeld Anrede Frau Herr Divers NameVornameNachnameE-Mail-Adresse * Barriere [&hellip;]<\/p>\n","protected":false},"author":26,"featured_media":0,"parent":31228,"menu_order":0,"comment_status":"closed","ping_status":"closed","template":"","meta":{"_seopress_robots_primary_cat":"","_seopress_titles_title":"Report a barrier on our website","_seopress_titles_desc":"Have you discovered a barrier on our website? Use the form to let us know directly. ","_seopress_robots_index":"","inline_featured_image":false,"footnotes":""},"class_list":["post-31230","page","type-page","status-publish","hentry"],"_links":{"self":[{"href":"https:\/\/guthoehne.de\/en\/wp-json\/wp\/v2\/pages\/31230","targetHints":{"allow":["GET"]}}],"collection":[{"href":"https:\/\/guthoehne.de\/en\/wp-json\/wp\/v2\/pages"}],"about":[{"href":"https:\/\/guthoehne.de\/en\/wp-json\/wp\/v2\/types\/page"}],"author":[{"embeddable":true,"href":"https:\/\/guthoehne.de\/en\/wp-json\/wp\/v2\/users\/26"}],"replies":[{"embeddable":true,"href":"https:\/\/guthoehne.de\/en\/wp-json\/wp\/v2\/comments?post=31230"}],"version-history":[{"count":2,"href":"https:\/\/guthoehne.de\/en\/wp-json\/wp\/v2\/pages\/31230\/revisions"}],"predecessor-version":[{"id":31232,"href":"https:\/\/guthoehne.de\/en\/wp-json\/wp\/v2\/pages\/31230\/revisions\/31232"}],"up":[{"embeddable":true,"href":"https:\/\/guthoehne.de\/en\/wp-json\/wp\/v2\/pages\/31228"}],"wp:attachment":[{"href":"https:\/\/guthoehne.de\/en\/wp-json\/wp\/v2\/media?parent=31230"}],"curies":[{"name":"wp","href":"https:\/\/api.w.org\/{rel}","templated":true}]}}